{"id":73,"date":"2020-07-03T11:13:42","date_gmt":"2020-07-03T14:13:42","guid":{"rendered":"http:\/\/localhost\/ydeia\/olivettiregina.com.br\/wordpress\/?page_id=73"},"modified":"2020-08-12T09:15:24","modified_gmt":"2020-08-12T12:15:24","slug":"partners","status":"publish","type":"page","link":"https:\/\/www.olivettiregina.com.br\/en\/partners\/","title":{"rendered":"Partners"},"content":{"rendered":"<div class=\"row\">\n<div class=\"col col-6\">\n<p><img loading=\"lazy\" decoding=\"async\" class=\"img-fluid alignnone wp-image-99 size-full\" src=\"http:\/\/localhost\/ydeia\/olivettiregina.com.br\/wordpress\/wp-content\/uploads\/2020\/07\/camila.jpg\" alt=\"\" width=\"700\" height=\"383\" srcset=\"https:\/\/www.olivettiregina.com.br\/en\/wp-content\/uploads\/2020\/07\/camila.jpg 700w, https:\/\/www.olivettiregina.com.br\/en\/wp-content\/uploads\/2020\/07\/camila-300x164.jpg 300w, https:\/\/www.olivettiregina.com.br\/en\/wp-content\/uploads\/2020\/07\/camila-150x82.jpg 150w\" sizes=\"(max-width: 700px) 100vw, 700px\" \/><\/p>\n<p>CAMILA OLIVETTI REGINA<br \/>\n\u200bcamila@olivettiregina.com.br<\/p>\n<p>Advogada e Consultora especializada em M\u00e9todos Alternativos de Solu\u00e7\u00e3o de Disputas, Direito Processual Civil, Direito Internacional e Gest\u00e3o de Assuntos Jur\u00eddicos e de Compliance, soma uma experi\u00eancia de mais de 20 anos. Foi Advogada Associada de importante escrit\u00f3rio de advocacia local, foi Consultora Jur\u00eddica e Tribut\u00e1ria de uma das maiores empresas de Consultoria e Auditoria Empresarial (Big Four) e teve tamb\u00e9m consolidada carreira executiva em empresa multinacional l\u00edder em seu segmento, exercendo cumulativamente posi\u00e7\u00f5es de Head do Jur\u00eddico Brasil e Compliance Officer Am\u00e9rica Latina.\u200b\u200b<\/p>\n<ul>\n<li>Co-fundadora e S\u00f3cia da Olivetti &amp; Regina &#8211; Sociedade de Advogados\u200b\u200b<\/li>\n<li>Co-fundadora e Chief Operating Officer da EVOLVERS &#8211; Governan\u00e7a e Integridade<\/li>\n<li>Mediadora e Negociadora certificada pela C\u00e2mara Brasileira de Media\u00e7\u00e3o e Arbitragem Empresarial (CBMAE). \u200b<\/li>\n<li>Mediadora e Conciliadora certificada pelo Ductor \u2013 Centro de Estudos Jur\u00eddicos Ltda., institui\u00e7\u00e3o habilitada pelo NUPEMEC-SP.\u200b<\/li>\n<li>Conciliadora e Mediadora cadastrada no Tribunal de Justi\u00e7a do Estado de S\u00e3o Paulo (TJSP) e no Conselho Nacional de Justi\u00e7a (CNJ).<\/li>\n<li>Especializada em Governan\u00e7a Corporativa para Empresas Familiares pelo IBGC &#8211; Instituto Brasileiro de Governan\u00e7a Corporativa\u200b<\/li>\n<li>Graduada em Ci\u00eancias Jur\u00eddicas e Sociais pela PUC-Campinas\u200b<\/li>\n<li>Especialista em Direito Processual Civil pela Escola Paulista da Magistratura EPM\u200b<\/li>\n<li>Mestre (com M\u00e9rito) em Direito Internacional pela Universidade de OXFORD Brookes\u200b<\/li>\n<\/ul>\n<p>&nbsp;<\/p>\n<h4>P\u00f3s-graduada em:<\/h4>\n<ul>\n<li>Direito Societ\u00e1rio pela Funda\u00e7\u00e3o Get\u00falio Vargas FGV<\/li>\n<li>Tributa\u00e7\u00e3o Empresarial pela Funda\u00e7\u00e3o Get\u00falio Vargas FGV<\/li>\n<li>Direito do Trabalho pela Funda\u00e7\u00e3o Get\u00falio Vargas FGV<\/li>\n<li>Gest\u00e3o de Pessoas pela Funda\u00e7\u00e3o Get\u00falio Vargas FGV<\/li>\n<\/ul>\n<\/div>\n<div class=\"col col-6\">\n<p><img loading=\"lazy\" decoding=\"async\" class=\"img-fluid alignnone wp-image-100 size-full\" src=\"http:\/\/localhost\/ydeia\/olivettiregina.com.br\/wordpress\/wp-content\/uploads\/2020\/07\/walter.jpg\" alt=\"\" width=\"700\" height=\"383\" srcset=\"https:\/\/www.olivettiregina.com.br\/en\/wp-content\/uploads\/2020\/07\/walter.jpg 700w, https:\/\/www.olivettiregina.com.br\/en\/wp-content\/uploads\/2020\/07\/walter-300x164.jpg 300w, https:\/\/www.olivettiregina.com.br\/en\/wp-content\/uploads\/2020\/07\/walter-150x82.jpg 150w\" sizes=\"(max-width: 700px) 100vw, 700px\" \/>\u200b\u200b<\/p>\n<p>WALTER REGINA<br \/>\n\u200bwalter@olivettiregina.com.br<br \/>\nOAB\/SP 181817<\/p>\n<ul>\n<li>Advogado, Mediador e Consultor especializado em Solu\u00e7\u00f5es Alternativas de Conflitos, bem como em Gest\u00e3o Estrat\u00e9gica de Governan\u00e7a e Jur\u00eddico, soma uma experi\u00eancia de mais de 20 anos, com ampla carreira profissional e executiva em diversas multinacionais, exercendo posi\u00e7\u00f5es de Trainee a Diretor Jur\u00eddico e de Compliance, Vice-Presidente, Presidente e Conselheiro<\/li>\n<\/ul>\n<p>&nbsp;<\/p>\n<ul>\n<li>Foi um dos precursores no Brasil sobre o estudo da Media\u00e7\u00e3o e de outros m\u00e9todos alternativos de solu\u00e7\u00e3o de disputas e Gest\u00e3o de Conflitos, desde sua P\u00f3s-gradua\u00e7\u00e3o na Calif\u00f3rnia (EUA, 2000), passando tamb\u00e9m por seu Mestrado em Oxford (Inglaterra, 2003\/4), onde sua tese foi pioneira ao tratar da necessidade de uma abordagem hol\u00edstica e multidisciplinar dos m\u00e9todos alternativos de solu\u00e7\u00f5es de conflitos para efetivamente resolver as disputas nacionais e internacionais<\/li>\n<\/ul>\n<p>\u200b<\/p>\n<ul>\n<li>Liderou marcantes trabalhos de governan\u00e7a corporativa e integridade em diversas organiza\u00e7\u00f5es, com amplas implementa\u00e7\u00f5es de \u00c9tica e Compliance, al\u00e9m de importantes investiga\u00e7\u00f5es corporativas, tornando-se refer\u00eancia sobre o tema na Am\u00e9rica Latina, sobretudo no combate \u00e0 corrup\u00e7\u00e3o corporativa no Brasil<\/li>\n<\/ul>\n<p>\u200b<\/p>\n<ul>\n<li>Foi premiado com o reconhecimento como o melhor Gestor Jur\u00eddico da Am\u00e9rica Latina (General Counsel of the Year) em 2015 e um dos 5 melhores Gestores Jur\u00eddicos do mundo, pela Latin America Counsel Awards e pela Global Counsel Awards da Association of Corporate Counsel e do International Law Office<\/li>\n<\/ul>\n<p>\u200b\u200b\u200b<\/p>\n<ul>\n<li>Co-fundador e CEO da EVOLVERS &#8211; Governan\u00e7a e Integridade\u200b<\/li>\n<li>Co-fundador e S\u00f3cio da Olivetti &amp; Regina &#8211; Sociedade de Advogados\u200b<\/li>\n<li>Co-fundador e Conselheiro da Associa\u00e7\u00e3o Brasileira de Direito e Administra\u00e7\u00e3o (ABDA)\u200b<\/li>\n<li>Conselheiro (Board Advisor) da Transborder Integrity Initiative\u200b<\/li>\n<li>Conselheiro de diversas organiza\u00e7\u00f5es, empresas familiares, startups, organiza\u00e7\u00f5es do terceiro setor e de impacto social<\/li>\n<\/ul>\n<p>\u200b<\/p>\n<ul>\n<li>Professor de P\u00f3s-Gradua\u00e7\u00e3o em Compliance e Governan\u00e7a da Funda\u00e7\u00e3o Get\u00falio Vargas FGV, desde 2016\u200b<\/li>\n<li>Professor de P\u00f3s-Gradua\u00e7\u00e3o em An\u00e1lise Econ\u00f4mica de Compliance e Governan\u00e7a na UNICAMP, desde 2017<\/li>\n<li>Professor de P\u00f3s-Gradua\u00e7\u00e3o em Governan\u00e7a Corporativa do Instituto New Law, desde 2019\u200b<\/li>\n<li>Professor de P\u00f3s-Gradua\u00e7\u00e3o em Direito, Economia e Neg\u00f3cios do CEU\/IICS Law School, de 2004 a 2018<\/li>\n<\/ul>\n<p>\u200b<\/p>\n<ul>\n<li>Graduado em Ci\u00eancias Jur\u00eddicas e Sociais pela PUC-Campinas\u200b<\/li>\n<li>Mestre (com M\u00e9rito) em Direito Internacional pela Universidade de OXFORD Brookes\u200b\u200b<\/li>\n<li>Diversas outras P\u00f3s-gradua\u00e7\u00f5es, dentre as quais destaca-se:<\/li>\n<li>Gest\u00e3o de Conflitos pela Universidade da California Riverside UCR<\/li>\n<li>Resolu\u00e7\u00e3o de Conflitos Internacionais pela Organiza\u00e7\u00e3o das Na\u00e7\u00f5es Unidas ONU<\/li>\n<li>Lideran\u00e7a Organizacional pela Escola de Gest\u00e3o KELLOGG, da Universidade de Northwestern<\/li>\n<li>Design Thinking para Lideran\u00e7a pelo Instituto de Tecnologia de Massachussets MIT<\/li>\n<li>Gest\u00e3o Estrat\u00e9gica e Empreendedorismo pelo Instituto de Tecnologia de Massachussets MIT<\/li>\n<\/ul>\n<p>\u200b<\/p>\n<\/div>\n<\/div>\n","protected":false},"excerpt":{"rendered":"<p>CAMILA OLIVETTI REGINA \u200bcamila@olivettiregina.com.br Advogada e Consultora especializada em M\u00e9todos Alternativos de Solu\u00e7\u00e3o de Disputas, Direito Processual Civil, Direito Internacional e Gest\u00e3o de Assuntos Jur\u00eddicos e de Compliance, soma uma experi\u00eancia de mais de 20 anos. Foi Advogada Associada de importante escrit\u00f3rio de advocacia local, foi Consultora Jur\u00eddica e Tribut\u00e1ria de uma das maiores empresas [&hellip;]<\/p>\n","protected":false},"author":2,"featured_media":97,"parent":0,"menu_order":0,"comment_status":"closed","ping_status":"closed","template":"page-socios.php","meta":{"footnotes":""},"aioseo_notices":[],"_links":{"self":[{"href":"https:\/\/www.olivettiregina.com.br\/en\/wp-json\/wp\/v2\/pages\/73"}],"collection":[{"href":"https:\/\/www.olivettiregina.com.br\/en\/wp-json\/wp\/v2\/pages"}],"about":[{"href":"https:\/\/www.olivettiregina.com.br\/en\/wp-json\/wp\/v2\/types\/page"}],"author":[{"embeddable":true,"href":"https:\/\/www.olivettiregina.com.br\/en\/wp-json\/wp\/v2\/users\/2"}],"replies":[{"embeddable":true,"href":"https:\/\/www.olivettiregina.com.br\/en\/wp-json\/wp\/v2\/comments?post=73"}],"version-history":[{"count":19,"href":"https:\/\/www.olivettiregina.com.br\/en\/wp-json\/wp\/v2\/pages\/73\/revisions"}],"predecessor-version":[{"id":281,"href":"https:\/\/www.olivettiregina.com.br\/en\/wp-json\/wp\/v2\/pages\/73\/revisions\/281"}],"wp:featuredmedia":[{"embeddable":true,"href":"https:\/\/www.olivettiregina.com.br\/en\/wp-json\/wp\/v2\/media\/97"}],"wp:attachment":[{"href":"https:\/\/www.olivettiregina.com.br\/en\/wp-json\/wp\/v2\/media?parent=73"}],"curies":[{"name":"wp","href":"https:\/\/api.w.org\/{rel}","templated":true}]}}